{"id":66,"date":"2018-06-19T10:44:49","date_gmt":"2018-06-19T08:44:49","guid":{"rendered":"http:\/\/chrs.pl\/index.php\/contact-us\/"},"modified":"2024-03-17T16:30:13","modified_gmt":"2024-03-17T15:30:13","slug":"contact-us","status":"publish","type":"page","link":"https:\/\/chrs.pl\/index.php\/contact-us\/","title":{"rendered":"Kontakt"},"content":{"rendered":"<section>\n<h2>Kontakt<\/h2>\n<\/section>\n<section>\n<h2>Skontaktuj si\u0119 z nami!<\/h2>\n<h3>Wype\u0142nij formularz<\/h3>\n<p>Koniecznie zaznacz o jak\u0105 us\u0142ug\u0119 chodzi. Postaramy si\u0119 odpowiedzie\u0107 najszybciej jak to mo\u017cliwe!<\/p>\n<\/section>\n<section style=\"\">\n            <!-- @TODO - The output for element here --><\/p>\n<p role=\"status\" aria-live=\"polite\" aria-atomic=\"true\">\n<ul><\/ul>\n<form action=\"\/wp-admin\/admin-ajax.php#wpcf7-f60-o1\" method=\"post\" novalidate=\"novalidate\" data-status=\"init\">\n<input type=\"hidden\" name=\"_wpcf7\" value=\"60\"><br \/>\n<input type=\"hidden\" name=\"_wpcf7_version\" value=\"5.4\"><br \/>\n<input type=\"hidden\" name=\"_wpcf7_locale\" value=\"en_US\"><br \/>\n<input type=\"hidden\" name=\"_wpcf7_unit_tag\" value=\"wpcf7-f60-o1\"><br \/>\n<input type=\"hidden\" name=\"_wpcf7_container_post\" value=\"0\"><br \/>\n<input type=\"hidden\" name=\"_wpcf7_posted_data_hash\" value=\"\"><br \/>\n<input type=\"text\" name=\"your-name\" value=\"\" size=\"40\" aria-required=\"true\" aria-invalid=\"false\" placeholder=\"Imi\u0119 i nazwisko\/ Firma*\"><br \/>\n<input type=\"email\" name=\"your-email\" value=\"\" size=\"40\" aria-required=\"true\" aria-invalid=\"false\" placeholder=\"Email*\"><br \/>\n<input type=\"tel\" name=\"tel-136\" value=\"\" size=\"40\" aria-required=\"true\" aria-invalid=\"false\" placeholder=\"Telefon*\"><br \/>\n<textarea name=\"your-message\" cols=\"40\" rows=\"10\" aria-invalid=\"false\" placeholder=\"Wiadomo\u015b\u0107\"><\/textarea><br \/>\n<input type=\"submit\" value=\"Wy\u015blij\"><\/form>\n<p>            <!-- aux-col-wrapper --><br \/>\n<\/section>\n<p><!-- widget-container --><\/p>\n<p><strong>Projektowanie&nbsp; wn\u0119trz<\/strong><\/p>\n<p>Adres e-mail:&nbsp; <a href=\"mailto:pracownia@chrs.pl\">pracownia@chrs.pl<\/a><\/p>\n<p>Tel. 500 444 025<\/p>\n<p><strong>&nbsp;Us\u0142ugi&nbsp; budowlano &#8211; wyko\u0144czeniowe<\/strong><\/p>\n<p>Adres e-mail:&nbsp; <a href=\"mailto:wykonawca@chrs.pl\">wykonawca@chrs.pl<\/a><\/p>\n<p>Tel. 539 813&nbsp;493<\/p>\n<p>Nasza firma \u015bwiadczy kompleksowo us\u0142ugi dla Klient\u00f3w z takich miast jak: Rzesz\u00f3w, Przemy\u015bl, Jaros\u0142aw i okolice.<\/p>\n","protected":false},"excerpt":{"rendered":"<p>Kontakt Skontaktuj si\u0119 z nami! Wype\u0142nij formularz Koniecznie zaznacz o jak\u0105 us\u0142ug\u0119 chodzi. Postaramy si\u0119 odpowiedzie\u0107 najszybciej jak to mo\u017cliwe! Projektowanie&nbsp; wn\u0119trz Adres e-mail:&nbsp; pracownia@chrs.pl Tel. 500 444 025 &nbsp;Us\u0142ugi&nbsp; budowlano &#8211; wyko\u0144czeniowe Adres e-mail:&nbsp; wykonawca@chrs.pl Tel. 539 813&nbsp;493 Nasza firma \u015bwiadczy kompleksowo us\u0142ugi dla Klient\u00f3w z takich miast jak: Rzesz\u00f3w, Przemy\u015bl, Jaros\u0142aw i okolice.<\/p>\n","protected":false},"author":1,"featured_media":0,"parent":0,"menu_order":0,"comment_status":"closed","ping_status":"closed","template":"templates\/page-builder-content.php","meta":[],"_links":{"self":[{"href":"https:\/\/chrs.pl\/index.php\/wp-json\/wp\/v2\/pages\/66"}],"collection":[{"href":"https:\/\/chrs.pl\/index.php\/wp-json\/wp\/v2\/pages"}],"about":[{"href":"https:\/\/chrs.pl\/index.php\/wp-json\/wp\/v2\/types\/page"}],"author":[{"embeddable":true,"href":"https:\/\/chrs.pl\/index.php\/wp-json\/wp\/v2\/users\/1"}],"replies":[{"embeddable":true,"href":"https:\/\/chrs.pl\/index.php\/wp-json\/wp\/v2\/comments?post=66"}],"version-history":[{"count":29,"href":"https:\/\/chrs.pl\/index.php\/wp-json\/wp\/v2\/pages\/66\/revisions"}],"predecessor-version":[{"id":670,"href":"https:\/\/chrs.pl\/index.php\/wp-json\/wp\/v2\/pages\/66\/revisions\/670"}],"wp:attachment":[{"href":"https:\/\/chrs.pl\/index.php\/wp-json\/wp\/v2\/media?parent=66"}],"curies":[{"name":"wp","href":"https:\/\/api.w.org\/{rel}","templated":true}]}}